{"id":5055,"date":"2025-06-02T14:01:46","date_gmt":"2025-06-02T14:01:46","guid":{"rendered":"https:\/\/www.hst.barcelona\/lab\/"},"modified":"2025-06-02T15:48:36","modified_gmt":"2025-06-02T15:48:36","slug":"lab","status":"publish","type":"page","link":"https:\/\/www.hst.barcelona\/ca\/lab\/","title":{"rendered":"lab"},"content":{"rendered":"\t\t<div data-elementor-type=\"wp-page\" data-elementor-id=\"5055\" class=\"elementor elementor-5055 elementor-5052\" data-elementor-post-type=\"page\">\n\t\t\t\t<div class=\"elementor-element elementor-element-d4b892e e-flex e-con-boxed e-con e-parent\" data-id=\"d4b892e\" data-element_type=\"container\" data-e-type=\"container\">\n\t\t\t\t\t<div class=\"e-con-inner\">\n\t\t\t\t<div class=\"elementor-element elementor-element-2b195f0 elementor-widget elementor-widget-text-editor\" data-id=\"2b195f0\" data-element_type=\"widget\" data-e-type=\"widget\" data-widget_type=\"text-editor.default\">\n\t\t\t\t\t\t\t\t\t<h2>Esqui Outlet &#8211; Generador de descripcions<\/h2><div> <\/div><p>Generador de descripcions multiling\u00fce a partir de la refer\u00e8ncia del producte. Cerca informaci\u00f3, redacta en castell\u00e0 i tradueix a l&#8217;angl\u00e8s, el franc\u00e8s, l&#8217;alemany i l&#8217;itali\u00e0.<\/p><p>Si ja disposeu de la descripci\u00f3 del producte, el sistema la tradueix als idiomes seleccionats.<\/p>\t\t\t\t\t\t\t\t<\/div>\n\t\t\t\t<div class=\"elementor-element elementor-element-d2dbc54 elementor-widget elementor-widget-html\" data-id=\"d2dbc54\" data-element_type=\"widget\" data-e-type=\"widget\" data-widget_type=\"html.default\">\n\t\t\t\t\t<form id=\"descripcionForm\">\n  <label for=\"referencia\">Refer\u00e8ncia del producte<\/label><br>  <input type=\"text\" name=\"referencia\" required=\"\"><br><br>\n  <label for=\"descripcion\">Descripci\u00f3<\/label><br>  <textarea name=\"descripcion\"><\/textarea><br><br>\n  <label>Idioma de sortida<\/label><br><input type=\"checkbox\" name=\"idiomas[]\" value=\"es\"> Espanyol<br><input type=\"checkbox\" name=\"idiomas[]\" value=\"en\"> Angl\u00e8s<br><input type=\"checkbox\" name=\"idiomas[]\" value=\"it\"> Itali\u00e0<br><input type=\"checkbox\" name=\"idiomas[]\" value=\"de\"> Alemany<br><br>\n  <button type=\"submit\" id=\"submitBtn\">Enviar<\/button>\n<\/form>\n\n<div id=\"resultado\" style=\"margin-top:20px;\"><\/div>\n\n<script>\ndocument.getElementById('descripcionForm').addEventListener('submit', async function(event) {\n  event.preventDefault();\n\n  const form = event.target;\n  const submitBtn = document.getElementById('submitBtn');\n  const resultado = document.getElementById('resultado');\n\n  \/\/ Evitar doble env\u00edo\n  submitBtn.disabled = true;\n  submitBtn.textContent = 'Procesando...';\n  resultado.innerHTML = ''; \/\/ Limpia resultados anteriores\n\n  try {\n    const formData = new FormData(form);\n    const response = await fetch(\"https:\/\/hstlab.app.n8n.cloud\/webhook\/cd6ea5b8-de8d-4b2b-ae07-ef41b3ca9213\", {\n      method: \"POST\",\n      body: formData\n    });\n\n    const html = await response.text();\n    resultado.innerHTML = html;\n  } catch (error) {\n    resultado.innerHTML = `<p style=\"color:red;\">Error al procesar la solicitud.<\/p>`;\n    console.error(error);\n  } finally {\n    submitBtn.disabled = false;\n    submitBtn.textContent = 'Enviar';\n  }\n});\n<\/script>\n\t\t\t\t<\/div>\n\t\t\t\t\t<\/div>\n\t\t\t\t<\/div>\n\t\t\t\t<\/div>\n\t\t","protected":false},"excerpt":{"rendered":"<p>Esqui Outlet &#8211; Generador de descripcions Generador de descripcions multiling\u00fce a partir de la refer\u00e8ncia del producte. Cerca informaci\u00f3, redacta en castell\u00e0 i tradueix a l&#8217;angl\u00e8s, el franc\u00e8s, l&#8217;alemany i l&#8217;itali\u00e0. Si ja disposeu de la descripci\u00f3 del producte, el sistema la tradueix als idiomes seleccionats. Refer\u00e8ncia del producte Descripci\u00f3 Idioma de sortida Espanyol Angl\u00e8s [&hellip;]<\/p>\n","protected":false},"author":1,"featured_media":0,"parent":0,"menu_order":0,"comment_status":"closed","ping_status":"closed","template":"elementor_header_footer","meta":{"site-sidebar-layout":"default","site-content-layout":"","ast-site-content-layout":"default","site-content-style":"default","site-sidebar-style":"default","ast-global-header-display":"","ast-banner-title-visibility":"","ast-main-header-display":"","ast-hfb-above-header-display":"","ast-hfb-below-header-display":"","ast-hfb-mobile-header-display":"","site-post-title":"","ast-breadcrumbs-content":"","ast-featured-img":"","footer-sml-layout":"","theme-transparent-header-meta":"default","adv-header-id-meta":"","stick-header-meta":"","header-above-stick-meta":"","header-main-stick-meta":"","header-below-stick-meta":"","astra-migrate-meta-layouts":"default","ast-page-background-enabled":"default","ast-page-background-meta":{"desktop":{"background-color":"","background-image":"","background-repeat":"repeat","background-position":"center center","background-size":"auto","background-attachment":"scroll","background-type":"","background-media":"","overlay-type":"","overlay-color":"","overlay-opacity":"","overlay-gradient":""},"tablet":{"background-color":"","background-image":"","background-repeat":"repeat","background-position":"center center","background-size":"auto","background-attachment":"scroll","background-type":"","background-media":"","overlay-type":"","overlay-color":"","overlay-opacity":"","overlay-gradient":""},"mobile":{"background-color":"","background-image":"","background-repeat":"repeat","background-position":"center center","background-size":"auto","background-attachment":"scroll","background-type":"","background-media":"","overlay-type":"","overlay-color":"","overlay-opacity":"","overlay-gradient":""}},"ast-content-background-meta":{"desktop":{"background-color":"var(--ast-global-color-5)","background-image":"","background-repeat":"repeat","background-position":"center center","background-size":"auto","background-attachment":"scroll","background-type":"","background-media":"","overlay-type":"","overlay-color":"","overlay-opacity":"","overlay-gradient":""},"tablet":{"background-color":"var(--ast-global-color-5)","background-image":"","background-repeat":"repeat","background-position":"center center","background-size":"auto","background-attachment":"scroll","background-type":"","background-media":"","overlay-type":"","overlay-color":"","overlay-opacity":"","overlay-gradient":""},"mobile":{"background-color":"var(--ast-global-color-5)","background-image":"","background-repeat":"repeat","background-position":"center center","background-size":"auto","background-attachment":"scroll","background-type":"","background-media":"","overlay-type":"","overlay-color":"","overlay-opacity":"","overlay-gradient":""}},"footnotes":""},"class_list":["post-5055","page","type-page","status-publish","hentry"],"_links":{"self":[{"href":"https:\/\/www.hst.barcelona\/ca\/wp-json\/wp\/v2\/pages\/5055","targetHints":{"allow":["GET"]}}],"collection":[{"href":"https:\/\/www.hst.barcelona\/ca\/wp-json\/wp\/v2\/pages"}],"about":[{"href":"https:\/\/www.hst.barcelona\/ca\/wp-json\/wp\/v2\/types\/page"}],"author":[{"embeddable":true,"href":"https:\/\/www.hst.barcelona\/ca\/wp-json\/wp\/v2\/users\/1"}],"replies":[{"embeddable":true,"href":"https:\/\/www.hst.barcelona\/ca\/wp-json\/wp\/v2\/comments?post=5055"}],"version-history":[{"count":11,"href":"https:\/\/www.hst.barcelona\/ca\/wp-json\/wp\/v2\/pages\/5055\/revisions"}],"predecessor-version":[{"id":5119,"href":"https:\/\/www.hst.barcelona\/ca\/wp-json\/wp\/v2\/pages\/5055\/revisions\/5119"}],"wp:attachment":[{"href":"https:\/\/www.hst.barcelona\/ca\/wp-json\/wp\/v2\/media?parent=5055"}],"curies":[{"name":"wp","href":"https:\/\/api.w.org\/{rel}","templated":true}]}}